{"id":298,"date":"2023-10-04T22:06:07","date_gmt":"2023-10-04T19:06:07","guid":{"rendered":"https:\/\/salomolim.com\/?page_id=298"},"modified":"2025-05-10T11:45:30","modified_gmt":"2025-05-10T08:45:30","slug":"belso-oldal","status":"publish","type":"page","link":"https:\/\/salomhaverim.com\/?page_id=298","title":{"rendered":"Ezrach Vatik"},"content":{"rendered":"\t\t<div data-elementor-type=\"wp-page\" data-elementor-id=\"298\" class=\"elementor elementor-298\" data-elementor-post-type=\"page\">\n\t\t\t\t<div class=\"elementor-element elementor-element-9dc1358 elementor-hidden-tablet elementor-hidden-mobile e-flex e-con-boxed e-con e-parent\" data-id=\"9dc1358\" data-element_type=\"container\" data-e-type=\"container\">\n\t\t\t\t\t<div class=\"e-con-inner\">\n\t\t\t\t<div class=\"elementor-element elementor-element-ecdbd19 elementor-widget elementor-widget-spacer\" data-id=\"ecdbd19\" data-element_type=\"widget\" data-e-type=\"widget\" data-widget_type=\"spacer.default\">\n\t\t\t\t<div class=\"elementor-widget-container\">\n\t\t\t\t\t\t\t<div class=\"elementor-spacer\">\n\t\t\t<div class=\"elementor-spacer-inner\"><\/div>\n\t\t<\/div>\n\t\t\t\t\t\t<\/div>\n\t\t\t\t<\/div>\n\t\t\t\t<div class=\"elementor-element elementor-element-6de7dd4 elementor-hidden-tablet elementor-hidden-mobile elementor-widget elementor-widget-image\" data-id=\"6de7dd4\" data-element_type=\"widget\" data-e-type=\"widget\" data-widget_type=\"image.default\">\n\t\t\t\t<div class=\"elementor-widget-container\">\n\t\t\t\t\t\t\t\t\t\t\t\t\t\t\t<img fetchpriority=\"high\" decoding=\"async\" width=\"2000\" height=\"550\" src=\"https:\/\/salomhaverim.com\/wp-content\/uploads\/2023\/10\/vatik.jpg\" class=\"attachment-full size-full wp-image-931\" alt=\"\" srcset=\"https:\/\/salomhaverim.com\/wp-content\/uploads\/2023\/10\/vatik.jpg 2000w, https:\/\/salomhaverim.com\/wp-content\/uploads\/2023\/10\/vatik-300x83.jpg 300w, https:\/\/salomhaverim.com\/wp-content\/uploads\/2023\/10\/vatik-1024x282.jpg 1024w, https:\/\/salomhaverim.com\/wp-content\/uploads\/2023\/10\/vatik-768x211.jpg 768w, https:\/\/salomhaverim.com\/wp-content\/uploads\/2023\/10\/vatik-1536x422.jpg 1536w\" sizes=\"(max-width: 2000px) 100vw, 2000px\" \/>\t\t\t\t\t\t\t\t\t\t\t\t\t\t\t<\/div>\n\t\t\t\t<\/div>\n\t\t\t\t<div class=\"elementor-element elementor-element-deb5b6b elementor-widget elementor-widget-spacer\" data-id=\"deb5b6b\" data-element_type=\"widget\" data-e-type=\"widget\" data-widget_type=\"spacer.default\">\n\t\t\t\t<div class=\"elementor-widget-container\">\n\t\t\t\t\t\t\t<div class=\"elementor-spacer\">\n\t\t\t<div class=\"elementor-spacer-inner\"><\/div>\n\t\t<\/div>\n\t\t\t\t\t\t<\/div>\n\t\t\t\t<\/div>\n\t\t\t\t\t<\/div>\n\t\t\t\t<\/div>\n\t\t<div class=\"elementor-element elementor-element-a904289 e-flex e-con-boxed e-con e-parent\" data-id=\"a904289\" data-element_type=\"container\" data-e-type=\"container\">\n\t\t\t\t\t<div class=\"e-con-inner\">\n\t\t\t\t<div class=\"elementor-element elementor-element-ff5731e elementor-widget elementor-widget-spacer\" data-id=\"ff5731e\" data-element_type=\"widget\" data-e-type=\"widget\" data-widget_type=\"spacer.default\">\n\t\t\t\t<div class=\"elementor-widget-container\">\n\t\t\t\t\t\t\t<div class=\"elementor-spacer\">\n\t\t\t<div class=\"elementor-spacer-inner\"><\/div>\n\t\t<\/div>\n\t\t\t\t\t\t<\/div>\n\t\t\t\t<\/div>\n\t\t\t\t<div class=\"elementor-element elementor-element-f7154f5 elementor-widget elementor-widget-heading\" data-id=\"f7154f5\" data-element_type=\"widget\" data-e-type=\"widget\" data-widget_type=\"heading.default\">\n\t\t\t\t<div class=\"elementor-widget-container\">\n\t\t\t\t\t<h2 class=\"elementor-heading-title elementor-size-xl\">Ezrach Vatik <\/h2>\t\t\t\t<\/div>\n\t\t\t\t<\/div>\n\t\t\t\t<div class=\"elementor-element elementor-element-cc06b78 elementor-widget elementor-widget-heading\" data-id=\"cc06b78\" data-element_type=\"widget\" data-e-type=\"widget\" data-widget_type=\"heading.default\">\n\t\t\t\t<div class=\"elementor-widget-container\">\n\t\t\t\t\t<h2 class=\"elementor-heading-title elementor-size-xl\"> \u05d0\u05d6\u05e8\u05d7 \u05d5\u05ea\u05d9\u05e7 <\/h2>\t\t\t\t<\/div>\n\t\t\t\t<\/div>\n\t\t\t\t<div class=\"elementor-element elementor-element-eaa3a9a elementor-widget elementor-widget-spacer\" data-id=\"eaa3a9a\" data-element_type=\"widget\" data-e-type=\"widget\" data-widget_type=\"spacer.default\">\n\t\t\t\t<div class=\"elementor-widget-container\">\n\t\t\t\t\t\t\t<div class=\"elementor-spacer\">\n\t\t\t<div class=\"elementor-spacer-inner\"><\/div>\n\t\t<\/div>\n\t\t\t\t\t\t<\/div>\n\t\t\t\t<\/div>\n\t\t\t\t<div class=\"elementor-element elementor-element-9409696 elementor-widget__width-initial elementor-widget elementor-widget-text-editor\" data-id=\"9409696\" data-element_type=\"widget\" data-e-type=\"widget\" data-widget_type=\"text-editor.default\">\n\t\t\t\t<div class=\"elementor-widget-container\">\n\t\t\t\t\t\t\t\t\t<p style=\"text-align: justify;\">A t\u00e1rsadalom r\u00e9tegz\u0151d\u00e9se szerint van egy gener\u00e1ci\u00f3, ami a\u00a0<strong>j\u00f6v\u0151nket<\/strong> biztos\u00edtja. \u0150k a mi fiataljaink. <strong>Jelen\u00fcnket<\/strong> a napjaink gener\u00e1ci\u00f3ja f\u00e9mjelzi. R\u00e1juk nehezedik a t\u00e1rsadalom minden terhe, b\u00faja \u00e9s baja. &#8211;\u00a0\u00c9s itt van a <strong>m\u00faltunk k\u00e9pviselet\u00e9ben<\/strong> a \u201eharmadik\u201d \u00e9letkor (\u05d4\u05d2\u05e2\u05ea\u05dd \u05dc\u05d2\u05d9\u05dc \u05d4\u05e9\u05dc\u05d9\u05e9\u05d9), az aranykor\u00faak\u00a0 (\u05d2\u05d9\u05dc \u05d4\u05d6\u05d4\u05d1 ) gener\u00e1ci\u00f3ja\u00a0 az Ezrach Vatik \/ Senior Citizen. Egy r\u00e9teg mely nem szeretne \u201enyuggerk\u00e9nt\u201d tehert\u00e9tel lenni. Ez a r\u00e9teg nem akar m\u00e1sok nyak\u00e1n \u00e9lni, de szeretne m\u00e9g emelt f\u0151vel l\u00e9tezni, szeretne valamit m\u00e9g hozz\u00e1tenni ahhoz amit \u00e9letm\u0171nek nevez\u00fcnk.<\/p>\t\t\t\t\t\t\t\t<\/div>\n\t\t\t\t<\/div>\n\t\t\t\t<div class=\"elementor-element elementor-element-8d9117e elementor-widget elementor-widget-spacer\" data-id=\"8d9117e\" data-element_type=\"widget\" data-e-type=\"widget\" data-widget_type=\"spacer.default\">\n\t\t\t\t<div class=\"elementor-widget-container\">\n\t\t\t\t\t\t\t<div class=\"elementor-spacer\">\n\t\t\t<div class=\"elementor-spacer-inner\"><\/div>\n\t\t<\/div>\n\t\t\t\t\t\t<\/div>\n\t\t\t\t<\/div>\n\t\t\t\t\t<\/div>\n\t\t\t\t<\/div>\n\t\t<div class=\"elementor-element elementor-element-695ff1c e-flex e-con-boxed e-con e-parent\" data-id=\"695ff1c\" data-element_type=\"container\" data-e-type=\"container\">\n\t\t\t\t\t<div class=\"e-con-inner\">\n\t\t<div class=\"elementor-element elementor-element-10ca731 e-con-full e-flex e-con e-child\" data-id=\"10ca731\" data-element_type=\"container\" data-e-type=\"container\">\n\t\t\t\t<div class=\"elementor-element elementor-element-5df6d72 elementor-widget__width-initial elementor-cta--skin-classic elementor-animated-content elementor-bg-transform elementor-bg-transform-zoom-in elementor-widget elementor-widget-call-to-action\" data-id=\"5df6d72\" data-element_type=\"widget\" data-e-type=\"widget\" data-widget_type=\"call-to-action.default\">\n\t\t\t\t<div class=\"elementor-widget-container\">\n\t\t\t\t\t\t\t<a class=\"elementor-cta\" href=\"https:\/\/salomhaverim.com\/\/?p=2706\/?p=1417\">\n\t\t\t\t\t<div class=\"elementor-cta__bg-wrapper\">\n\t\t\t\t<div class=\"elementor-cta__bg elementor-bg\" style=\"background-image: url(https:\/\/salomhaverim.com\/wp-content\/uploads\/2023\/10\/Como-alugar-e1589093681223.jpg);\" role=\"img\" aria-label=\"Como-alugar-e1589093681223.jpg\"><\/div>\n\t\t\t\t<div class=\"elementor-cta__bg-overlay\"><\/div>\n\t\t\t<\/div>\n\t\t\t\t\t\t\t<div class=\"elementor-cta__content\">\n\t\t\t\t\n\t\t\t\t\t\t\t\t\t<h2 class=\"elementor-cta__title elementor-cta__content-item elementor-content-item\">\n\t\t\t\t\t\tSenior Citizen k\u00e1rtya\t\t\t\t\t<\/h2>\n\t\t\t\t\n\t\t\t\t\n\t\t\t\t\t\t\t<\/div>\n\t\t\t\t\t\t<\/a>\n\t\t\t\t\t\t<\/div>\n\t\t\t\t<\/div>\n\t\t\t\t<\/div>\n\t\t<div class=\"elementor-element elementor-element-4c1c1c6 e-con-full e-flex e-con e-child\" data-id=\"4c1c1c6\" data-element_type=\"container\" data-e-type=\"container\">\n\t\t\t\t<div class=\"elementor-element elementor-element-8647a2e elementor-widget__width-initial elementor-cta--skin-classic elementor-animated-content elementor-bg-transform elementor-bg-transform-zoom-in elementor-widget elementor-widget-call-to-action\" data-id=\"8647a2e\" data-element_type=\"widget\" data-e-type=\"widget\" data-widget_type=\"call-to-action.default\">\n\t\t\t\t<div class=\"elementor-widget-container\">\n\t\t\t\t\t\t\t<a class=\"elementor-cta\" href=\"https:\/\/salomhaverim.com\/\/?p=2706\/?p=1467\">\n\t\t\t\t\t<div class=\"elementor-cta__bg-wrapper\">\n\t\t\t\t<div class=\"elementor-cta__bg elementor-bg\" style=\"background-image: url(https:\/\/salomhaverim.com\/wp-content\/uploads\/2023\/10\/Kepernyofoto-2023-09-30-11.23.30-1024x417.png);\" role=\"img\" aria-label=\"Kepernyofoto-2023-09-30-11.23.30.png\"><\/div>\n\t\t\t\t<div class=\"elementor-cta__bg-overlay\"><\/div>\n\t\t\t<\/div>\n\t\t\t\t\t\t\t<div class=\"elementor-cta__content\">\n\t\t\t\t\n\t\t\t\t\t\t\t\t\t<h2 class=\"elementor-cta__title elementor-cta__content-item elementor-content-item\">\n\t\t\t\t\t\t80+ k\u00e1rtya\t\t\t\t\t<\/h2>\n\t\t\t\t\n\t\t\t\t\n\t\t\t\t\t\t\t<\/div>\n\t\t\t\t\t\t<\/a>\n\t\t\t\t\t\t<\/div>\n\t\t\t\t<\/div>\n\t\t\t\t<\/div>\n\t\t<div class=\"elementor-element elementor-element-11300a9 e-con-full e-flex e-con e-child\" data-id=\"11300a9\" data-element_type=\"container\" data-e-type=\"container\">\n\t\t\t\t<div class=\"elementor-element elementor-element-61faa24 elementor-widget__width-initial elementor-cta--skin-classic elementor-animated-content elementor-bg-transform elementor-bg-transform-zoom-in elementor-widget elementor-widget-call-to-action\" data-id=\"61faa24\" data-element_type=\"widget\" data-e-type=\"widget\" data-widget_type=\"call-to-action.default\">\n\t\t\t\t<div class=\"elementor-widget-container\">\n\t\t\t\t\t\t\t<a class=\"elementor-cta\" href=\"https:\/\/salomhaverim.com\/?p=5753\">\n\t\t\t\t\t<div class=\"elementor-cta__bg-wrapper\">\n\t\t\t\t<div class=\"elementor-cta__bg elementor-bg\" style=\"background-image: url(https:\/\/salomhaverim.com\/wp-content\/uploads\/2025\/05\/gold-ravkav-person.d45c85b718c6-masolat.jpg);\" role=\"img\" aria-label=\"gold-ravkav-person.d45c85b718c6 ma\u0301solat\"><\/div>\n\t\t\t\t<div class=\"elementor-cta__bg-overlay\"><\/div>\n\t\t\t<\/div>\n\t\t\t\t\t\t\t<div class=\"elementor-cta__content\">\n\t\t\t\t\n\t\t\t\t\t\t\t\t\t<h2 class=\"elementor-cta__title elementor-cta__content-item elementor-content-item\">\n\t\t\t\t\t\t67+ Golden Rav-Kav\t\t\t\t\t<\/h2>\n\t\t\t\t\n\t\t\t\t\n\t\t\t\t\t\t\t<\/div>\n\t\t\t\t\t\t<\/a>\n\t\t\t\t\t\t<\/div>\n\t\t\t\t<\/div>\n\t\t\t\t<\/div>\n\t\t<div class=\"elementor-element elementor-element-5b31b41 e-con-full e-flex e-con e-child\" data-id=\"5b31b41\" data-element_type=\"container\" data-e-type=\"container\">\n\t\t\t\t<div class=\"elementor-element elementor-element-128132c elementor-widget__width-initial elementor-cta--skin-classic elementor-animated-content elementor-bg-transform elementor-bg-transform-zoom-in elementor-widget elementor-widget-call-to-action\" data-id=\"128132c\" data-element_type=\"widget\" data-e-type=\"widget\" data-widget_type=\"call-to-action.default\">\n\t\t\t\t<div class=\"elementor-widget-container\">\n\t\t\t\t\t\t\t<a class=\"elementor-cta\" href=\"https:\/\/salomhaverim.com\/\/?p=2706?p=1422\">\n\t\t\t\t\t<div class=\"elementor-cta__bg-wrapper\">\n\t\t\t\t<div class=\"elementor-cta__bg elementor-bg\" style=\"background-image: url(https:\/\/salomhaverim.com\/wp-content\/uploads\/2023\/10\/216621-800x533r1-Senior-couple.jpg);\" role=\"img\" aria-label=\"216621-800x533r1-Senior-couple.jpg\"><\/div>\n\t\t\t\t<div class=\"elementor-cta__bg-overlay\"><\/div>\n\t\t\t<\/div>\n\t\t\t\t\t\t\t<div class=\"elementor-cta__content\">\n\t\t\t\t\n\t\t\t\t\t\t\t\t\t<h2 class=\"elementor-cta__title elementor-cta__content-item elementor-content-item\">\n\t\t\t\t\t\tJogok \u00e9s juttat\u00e1sok\t\t\t\t\t<\/h2>\n\t\t\t\t\n\t\t\t\t\n\t\t\t\t\t\t\t<\/div>\n\t\t\t\t\t\t<\/a>\n\t\t\t\t\t\t<\/div>\n\t\t\t\t<\/div>\n\t\t\t\t<\/div>\n\t\t\t\t\t<\/div>\n\t\t\t\t<\/div>\n\t\t<div class=\"elementor-element elementor-element-ab05c18 e-flex e-con-boxed e-con e-parent\" data-id=\"ab05c18\" data-element_type=\"container\" data-e-type=\"container\">\n\t\t\t\t\t<div class=\"e-con-inner\">\n\t\t\t\t<div class=\"elementor-element elementor-element-685288c elementor-widget elementor-widget-spacer\" data-id=\"685288c\" data-element_type=\"widget\" data-e-type=\"widget\" data-widget_type=\"spacer.default\">\n\t\t\t\t<div class=\"elementor-widget-container\">\n\t\t\t\t\t\t\t<div class=\"elementor-spacer\">\n\t\t\t<div class=\"elementor-spacer-inner\"><\/div>\n\t\t<\/div>\n\t\t\t\t\t\t<\/div>\n\t\t\t\t<\/div>\n\t\t\t\t<div class=\"elementor-element elementor-element-ec0fac2 elementor-widget-divider--view-line_text elementor-widget-divider--element-align-center elementor-widget elementor-widget-divider\" data-id=\"ec0fac2\" data-element_type=\"widget\" data-e-type=\"widget\" data-widget_type=\"divider.default\">\n\t\t\t\t<div class=\"elementor-widget-container\">\n\t\t\t\t\t\t\t<div class=\"elementor-divider\">\n\t\t\t<span class=\"elementor-divider-separator\">\n\t\t\t\t\t\t\t<span class=\"elementor-divider__text elementor-divider__element\">\n\t\t\t\tKult\u00far\u00e1lis \u00e9s szabadid\u0151 programok\t\t\t\t<\/span>\n\t\t\t\t\t\t<\/span>\n\t\t<\/div>\n\t\t\t\t\t\t<\/div>\n\t\t\t\t<\/div>\n\t\t\t\t<div class=\"elementor-element elementor-element-6267d6a elementor-widget elementor-widget-spacer\" data-id=\"6267d6a\" data-element_type=\"widget\" data-e-type=\"widget\" data-widget_type=\"spacer.default\">\n\t\t\t\t<div class=\"elementor-widget-container\">\n\t\t\t\t\t\t\t<div class=\"elementor-spacer\">\n\t\t\t<div class=\"elementor-spacer-inner\"><\/div>\n\t\t<\/div>\n\t\t\t\t\t\t<\/div>\n\t\t\t\t<\/div>\n\t\t\t\t\t<\/div>\n\t\t\t\t<\/div>\n\t\t<div class=\"elementor-element elementor-element-df1368d e-flex e-con-boxed e-con e-parent\" data-id=\"df1368d\" data-element_type=\"container\" data-e-type=\"container\">\n\t\t\t\t\t<div class=\"e-con-inner\">\n\t\t<div class=\"elementor-element elementor-element-cc380a2 e-con-full e-flex e-con e-child\" data-id=\"cc380a2\" data-element_type=\"container\" data-e-type=\"container\">\n\t\t\t\t<div class=\"elementor-element elementor-element-87d895b elementor-widget__width-initial elementor-cta--skin-classic elementor-animated-content elementor-bg-transform elementor-bg-transform-zoom-in elementor-widget elementor-widget-call-to-action\" data-id=\"87d895b\" data-element_type=\"widget\" data-e-type=\"widget\" data-widget_type=\"call-to-action.default\">\n\t\t\t\t<div class=\"elementor-widget-container\">\n\t\t\t\t\t\t\t<a class=\"elementor-cta\" href=\"https:\/\/bidudi.co.il\/\">\n\t\t\t\t\t<div class=\"elementor-cta__bg-wrapper\">\n\t\t\t\t<div class=\"elementor-cta__bg elementor-bg\" style=\"background-image: url(https:\/\/salomhaverim.com\/wp-content\/uploads\/2023\/10\/kult2.jpg);\" role=\"img\" aria-label=\"kult2\"><\/div>\n\t\t\t\t<div class=\"elementor-cta__bg-overlay\"><\/div>\n\t\t\t<\/div>\n\t\t\t\t\t\t\t<div class=\"elementor-cta__content\">\n\t\t\t\t\n\t\t\t\t\t\t\t\t\t<h2 class=\"elementor-cta__title elementor-cta__content-item elementor-content-item\">\n\t\t\t\t\t\tT\u00f6bb ezer \u00f3ra min\u0151s\u00e9gi tartalom id\u0151s emberek sz\u00e1m\u00e1ra is \/h\u00e9ber\/\t\t\t\t\t<\/h2>\n\t\t\t\t\n\t\t\t\t\n\t\t\t\t\t\t\t<\/div>\n\t\t\t\t\t\t<\/a>\n\t\t\t\t\t\t<\/div>\n\t\t\t\t<\/div>\n\t\t\t\t<\/div>\n\t\t<div class=\"elementor-element elementor-element-bc18401 e-con-full e-flex e-con e-child\" data-id=\"bc18401\" data-element_type=\"container\" data-e-type=\"container\">\n\t\t\t\t<div class=\"elementor-element elementor-element-854c897 elementor-widget__width-initial elementor-cta--skin-classic elementor-animated-content elementor-bg-transform elementor-bg-transform-zoom-in elementor-widget elementor-widget-call-to-action\" data-id=\"854c897\" data-element_type=\"widget\" data-e-type=\"widget\" data-widget_type=\"call-to-action.default\">\n\t\t\t\t<div class=\"elementor-widget-container\">\n\t\t\t\t\t\t\t<a class=\"elementor-cta\" href=\"https:\/\/barangolo.salomhaverim.com\/\">\n\t\t\t\t\t<div class=\"elementor-cta__bg-wrapper\">\n\t\t\t\t<div class=\"elementor-cta__bg elementor-bg\" style=\"background-image: url(https:\/\/salomhaverim.com\/wp-content\/uploads\/2023\/10\/hula.jpg);\" role=\"img\" aria-label=\"BARANGOLO\"><\/div>\n\t\t\t\t<div class=\"elementor-cta__bg-overlay\"><\/div>\n\t\t\t<\/div>\n\t\t\t\t\t\t\t<div class=\"elementor-cta__content\">\n\t\t\t\t\n\t\t\t\t\t\t\t\t\t<h2 class=\"elementor-cta__title elementor-cta__content-item elementor-content-item\">\n\t\t\t\t\t\t Izraelben 44 nemzeti park \u00e9s 38 kiemelt term\u00e9szetv\u00e9delmi ter\u00fclet tal\u00e1lhat\u00f3....\t\t\t\t\t<\/h2>\n\t\t\t\t\n\t\t\t\t\n\t\t\t\t\t\t\t<\/div>\n\t\t\t\t\t\t<\/a>\n\t\t\t\t\t\t<\/div>\n\t\t\t\t<\/div>\n\t\t\t\t<\/div>\n\t\t\t\t\t<\/div>\n\t\t\t\t<\/div>\n\t\t<div class=\"elementor-element elementor-element-5ecd91b e-flex e-con-boxed e-con e-parent\" data-id=\"5ecd91b\" data-element_type=\"container\" data-e-type=\"container\">\n\t\t\t\t\t<div class=\"e-con-inner\">\n\t\t\t\t<div class=\"elementor-element elementor-element-51367c4 elementor-widget elementor-widget-spacer\" data-id=\"51367c4\" data-element_type=\"widget\" data-e-type=\"widget\" data-widget_type=\"spacer.default\">\n\t\t\t\t<div class=\"elementor-widget-container\">\n\t\t\t\t\t\t\t<div class=\"elementor-spacer\">\n\t\t\t<div class=\"elementor-spacer-inner\"><\/div>\n\t\t<\/div>\n\t\t\t\t\t\t<\/div>\n\t\t\t\t<\/div>\n\t\t\t\t<div class=\"elementor-element elementor-element-f77e21f elementor-widget-divider--view-line_text elementor-widget-divider--element-align-center elementor-widget elementor-widget-divider\" data-id=\"f77e21f\" data-element_type=\"widget\" data-e-type=\"widget\" data-widget_type=\"divider.default\">\n\t\t\t\t<div class=\"elementor-widget-container\">\n\t\t\t\t\t\t\t<div class=\"elementor-divider\">\n\t\t\t<span class=\"elementor-divider-separator\">\n\t\t\t\t\t\t\t<span class=\"elementor-divider__text elementor-divider__element\">\n\t\t\t\tAj\u00e1nl\u00e1s, a bez\u00e1rts\u00e1g \u00e9rz\u00e9s\u00e9nek kezel\u00e9s\u00e9re:\t\t\t\t<\/span>\n\t\t\t\t\t\t<\/span>\n\t\t<\/div>\n\t\t\t\t\t\t<\/div>\n\t\t\t\t<\/div>\n\t\t\t\t<div class=\"elementor-element elementor-element-f3bc04a elementor-widget elementor-widget-spacer\" data-id=\"f3bc04a\" data-element_type=\"widget\" data-e-type=\"widget\" data-widget_type=\"spacer.default\">\n\t\t\t\t<div class=\"elementor-widget-container\">\n\t\t\t\t\t\t\t<div class=\"elementor-spacer\">\n\t\t\t<div class=\"elementor-spacer-inner\"><\/div>\n\t\t<\/div>\n\t\t\t\t\t\t<\/div>\n\t\t\t\t<\/div>\n\t\t\t\t\t<\/div>\n\t\t\t\t<\/div>\n\t\t<div class=\"elementor-element elementor-element-2f229f2 e-flex e-con-boxed e-con e-parent\" data-id=\"2f229f2\" data-element_type=\"container\" data-e-type=\"container\">\n\t\t\t\t\t<div class=\"e-con-inner\">\n\t\t<div class=\"elementor-element elementor-element-a8d913d e-con-full e-flex e-con e-child\" data-id=\"a8d913d\" data-element_type=\"container\" data-e-type=\"container\">\n\t\t\t\t<div class=\"elementor-element elementor-element-d954a39 elementor-widget elementor-widget-image\" data-id=\"d954a39\" data-element_type=\"widget\" data-e-type=\"widget\" data-widget_type=\"image.default\">\n\t\t\t\t<div class=\"elementor-widget-container\">\n\t\t\t\t\t\t\t\t\t\t\t\t<figure class=\"wp-caption\">\n\t\t\t\t\t\t\t\t\t\t<img decoding=\"async\" width=\"287\" height=\"151\" src=\"https:\/\/salomhaverim.com\/wp-content\/uploads\/2023\/10\/Covid19-MentalHealth-Unit3-Breaks.png\" class=\"attachment-2048x2048 size-2048x2048 wp-image-3291\" alt=\"\" \/>\t\t\t\t\t\t\t\t\t\t\t<figcaption class=\"widget-image-caption wp-caption-text\"><\/figcaption>\n\t\t\t\t\t\t\t\t\t\t<\/figure>\n\t\t\t\t\t\t\t\t\t<\/div>\n\t\t\t\t<\/div>\n\t\t\t\t<div class=\"elementor-element elementor-element-94b2633 elementor-widget elementor-widget-text-editor\" data-id=\"94b2633\" data-element_type=\"widget\" data-e-type=\"widget\" data-widget_type=\"text-editor.default\">\n\t\t\t\t<div class=\"elementor-widget-container\">\n\t\t\t\t\t\t\t\t\t<p style=\"text-align: left;\">Id\u0151nk\u00e9nt tarts sz\u00fcnetet, kapcsolj ki, \u00e9s ne n\u00e9zd folyamatosan a leg\u00fajabb h\u00edreket<\/p>\t\t\t\t\t\t\t\t<\/div>\n\t\t\t\t<\/div>\n\t\t\t\t<\/div>\n\t\t<div class=\"elementor-element elementor-element-4a321d9 e-con-full e-flex e-con e-child\" data-id=\"4a321d9\" data-element_type=\"container\" data-e-type=\"container\">\n\t\t\t\t<div class=\"elementor-element elementor-element-42b06b7 elementor-widget elementor-widget-image\" data-id=\"42b06b7\" data-element_type=\"widget\" data-e-type=\"widget\" data-widget_type=\"image.default\">\n\t\t\t\t<div class=\"elementor-widget-container\">\n\t\t\t\t\t\t\t\t\t\t\t\t\t\t\t<img decoding=\"async\" width=\"287\" height=\"151\" src=\"https:\/\/salomhaverim.com\/wp-content\/uploads\/2023\/10\/Covid19-MentalHealth-Unit4-Exercise.png\" class=\"attachment-large size-large wp-image-3292\" alt=\"\" \/>\t\t\t\t\t\t\t\t\t\t\t\t\t\t\t<\/div>\n\t\t\t\t<\/div>\n\t\t\t\t<div class=\"elementor-element elementor-element-2f6422a elementor-widget elementor-widget-text-editor\" data-id=\"2f6422a\" data-element_type=\"widget\" data-e-type=\"widget\" data-widget_type=\"text-editor.default\">\n\t\t\t\t<div class=\"elementor-widget-container\">\n\t\t\t\t\t\t\t\t\t<p style=\"text-align: left;\">Mozogj,\u00a0 t\u00e1pl\u00e1lkozz\u00a0 eg\u00e9szs\u00e9gesen,\u00a0 \u00e9s\u00a0 aludj minimum 6-8 \u00f3r\u00e1t.\u00a0 \u00a0Keress lehet\u0151s\u00e9geket a kikapcsol\u00f3d\u00e1sra, \u00e9s v\u00e9gezz olyan eg\u00e9szs\u00e9ges tev\u00e9kenys\u00e9geket, amelyeket \u00e9lvezel.<\/p>\t\t\t\t\t\t\t\t<\/div>\n\t\t\t\t<\/div>\n\t\t\t\t<\/div>\n\t\t<div class=\"elementor-element elementor-element-af76309 e-con-full e-flex e-con e-child\" data-id=\"af76309\" data-element_type=\"container\" data-e-type=\"container\">\n\t\t\t\t<div class=\"elementor-element elementor-element-eb1f30b elementor-widget elementor-widget-image\" data-id=\"eb1f30b\" data-element_type=\"widget\" data-e-type=\"widget\" data-widget_type=\"image.default\">\n\t\t\t\t<div class=\"elementor-widget-container\">\n\t\t\t\t\t\t\t\t\t\t\t\t\t\t\t<img loading=\"lazy\" decoding=\"async\" width=\"287\" height=\"151\" src=\"https:\/\/salomhaverim.com\/wp-content\/uploads\/2023\/10\/Covid19-MentalHealth-Unit5-Routine.png\" class=\"attachment-large size-large wp-image-3289\" alt=\"\" \/>\t\t\t\t\t\t\t\t\t\t\t\t\t\t\t<\/div>\n\t\t\t\t<\/div>\n\t\t\t\t<div class=\"elementor-element elementor-element-c1abfca elementor-widget elementor-widget-text-editor\" data-id=\"c1abfca\" data-element_type=\"widget\" data-e-type=\"widget\" data-widget_type=\"text-editor.default\">\n\t\t\t\t<div class=\"elementor-widget-container\">\n\t\t\t\t\t\t\t\t\t<p style=\"text-align: left;\">Szabj meg el\u00e9rhet\u0151 c\u00e9lokat, \u00e9s tervezz meg egy \u00e1tlagos napi rutint\u00a0 (mikor kelsz fel, mit fogsz enni, \u00e9s mikor alszol ).<\/p>\t\t\t\t\t\t\t\t<\/div>\n\t\t\t\t<\/div>\n\t\t\t\t<\/div>\n\t\t<div class=\"elementor-element elementor-element-822fe6c e-con-full e-flex e-con e-child\" data-id=\"822fe6c\" data-element_type=\"container\" data-e-type=\"container\">\n\t\t\t\t<div class=\"elementor-element elementor-element-c298bb6 elementor-widget elementor-widget-image\" data-id=\"c298bb6\" data-element_type=\"widget\" data-e-type=\"widget\" data-widget_type=\"image.default\">\n\t\t\t\t<div class=\"elementor-widget-container\">\n\t\t\t\t\t\t\t\t\t\t\t\t\t\t\t<img loading=\"lazy\" decoding=\"async\" width=\"287\" height=\"151\" src=\"https:\/\/salomhaverim.com\/wp-content\/uploads\/2023\/10\/Covid19-MentalHealth-Unit1-CallOrMessage.png\" class=\"attachment-large size-large wp-image-3290\" alt=\"\" \/>\t\t\t\t\t\t\t\t\t\t\t\t\t\t\t<\/div>\n\t\t\t\t<\/div>\n\t\t\t\t<div class=\"elementor-element elementor-element-c80a3e8 elementor-widget elementor-widget-text-editor\" data-id=\"c80a3e8\" data-element_type=\"widget\" data-e-type=\"widget\" data-widget_type=\"text-editor.default\">\n\t\t\t\t<div class=\"elementor-widget-container\">\n\t\t\t\t\t\t\t\t\t<p style=\"text-align: left;\">H\u00edvd fel a bar\u00e1taidat \u00e9s csal\u00e1dtagjaidat, hogy\u00a0 ismer\u0151s\u00a0 hangokat\u00a0 hallj\u00e1l.\u00a0 Videoh\u00edv\u00e1ssal az esetben is k\u00f6zel \u00e9rezhetitek magatokat, mikor nem vagytok egy\u00fctt.<\/p>\t\t\t\t\t\t\t\t<\/div>\n\t\t\t\t<\/div>\n\t\t\t\t<\/div>\n\t\t\t\t\t<\/div>\n\t\t\t\t<\/div>\n\t\t\t\t<\/div>\n\t\t","protected":false},"excerpt":{"rendered":"<p>Ezrach Vatik \u05d0\u05d6\u05e8\u05d7 \u05d5\u05ea\u05d9\u05e7 A t\u00e1rsadalom r\u00e9tegz\u0151d\u00e9se szerint van egy gener\u00e1ci\u00f3, ami a\u00a0j\u00f6v\u0151nket biztos\u00edtja. \u0150k a mi fiataljaink. Jelen\u00fcnket a napjaink gener\u00e1ci\u00f3ja f\u00e9mjelzi. R\u00e1juk nehezedik a t\u00e1rsadalom minden terhe, b\u00faja \u00e9s baja. &#8211;\u00a0\u00c9s itt van a m\u00faltunk k\u00e9pviselet\u00e9ben a \u201eharmadik\u201d \u00e9letkor (\u05d4\u05d2\u05e2\u05ea\u05dd \u05dc\u05d2\u05d9\u05dc \u05d4\u05e9\u05dc\u05d9\u05e9\u05d9), az aranykor\u00faak\u00a0 (\u05d2\u05d9\u05dc \u05d4\u05d6\u05d4\u05d1 ) gener\u00e1ci\u00f3ja\u00a0 az Ezrach Vatik \/ Senior [&hellip;]<\/p>\n","protected":false},"author":1,"featured_media":15,"parent":0,"menu_order":0,"comment_status":"closed","ping_status":"closed","template":"elementor_header_footer","meta":{"footnotes":""},"class_list":["post-298","page","type-page","status-publish","has-post-thumbnail","hentry"],"_links":{"self":[{"href":"https:\/\/salomhaverim.com\/index.php?rest_route=\/wp\/v2\/pages\/298","targetHints":{"allow":["GET"]}}],"collection":[{"href":"https:\/\/salomhaverim.com\/index.php?rest_route=\/wp\/v2\/pages"}],"about":[{"href":"https:\/\/salomhaverim.com\/index.php?rest_route=\/wp\/v2\/types\/page"}],"author":[{"embeddable":true,"href":"https:\/\/salomhaverim.com\/index.php?rest_route=\/wp\/v2\/users\/1"}],"replies":[{"embeddable":true,"href":"https:\/\/salomhaverim.com\/index.php?rest_route=%2Fwp%2Fv2%2Fcomments&post=298"}],"version-history":[{"count":207,"href":"https:\/\/salomhaverim.com\/index.php?rest_route=\/wp\/v2\/pages\/298\/revisions"}],"predecessor-version":[{"id":6089,"href":"https:\/\/salomhaverim.com\/index.php?rest_route=\/wp\/v2\/pages\/298\/revisions\/6089"}],"wp:featuredmedia":[{"embeddable":true,"href":"https:\/\/salomhaverim.com\/index.php?rest_route=\/wp\/v2\/media\/15"}],"wp:attachment":[{"href":"https:\/\/salomhaverim.com\/index.php?rest_route=%2Fwp%2Fv2%2Fmedia&parent=298"}],"curies":[{"name":"wp","href":"https:\/\/api.w.org\/{rel}","templated":true}]}}