{"id":6000,"date":"2025-10-07T15:35:02","date_gmt":"2025-10-07T12:35:02","guid":{"rendered":"https:\/\/salomhaverim.com\/?page_id=6000"},"modified":"2025-10-10T16:18:09","modified_gmt":"2025-10-10T13:18:09","slug":"govisit","status":"publish","type":"page","link":"https:\/\/salomhaverim.com\/?page_id=6000","title":{"rendered":"GoVisit"},"content":{"rendered":"\t\t<div data-elementor-type=\"wp-page\" data-elementor-id=\"6000\" class=\"elementor elementor-6000\" data-elementor-post-type=\"page\">\n\t\t\t\t<div class=\"elementor-element elementor-element-7b170a5 e-flex e-con-boxed e-con e-parent\" data-id=\"7b170a5\" data-element_type=\"container\" data-e-type=\"container\">\n\t\t\t\t\t<div class=\"e-con-inner\">\n\t\t\t\t<div class=\"elementor-element elementor-element-ddc4a36 elementor-widget elementor-widget-image\" data-id=\"ddc4a36\" data-element_type=\"widget\" data-e-type=\"widget\" data-widget_type=\"image.default\">\n\t\t\t\t<div class=\"elementor-widget-container\">\n\t\t\t\t\t\t\t\t\t\t\t\t\t\t\t\t<a href=\"https:\/\/govisit.gov.il\/he\/home\">\n\t\t\t\t\t\t\t<img fetchpriority=\"high\" decoding=\"async\" width=\"2000\" height=\"550\" src=\"https:\/\/salomhaverim.com\/wp-content\/uploads\/2025\/10\/GOV6.jpg\" class=\"attachment-full size-full wp-image-6338\" alt=\"\" srcset=\"https:\/\/salomhaverim.com\/wp-content\/uploads\/2025\/10\/GOV6.jpg 2000w, https:\/\/salomhaverim.com\/wp-content\/uploads\/2025\/10\/GOV6-300x83.jpg 300w, https:\/\/salomhaverim.com\/wp-content\/uploads\/2025\/10\/GOV6-1024x282.jpg 1024w, https:\/\/salomhaverim.com\/wp-content\/uploads\/2025\/10\/GOV6-768x211.jpg 768w, https:\/\/salomhaverim.com\/wp-content\/uploads\/2025\/10\/GOV6-1536x422.jpg 1536w\" sizes=\"(max-width: 2000px) 100vw, 2000px\" \/>\t\t\t\t\t\t\t\t<\/a>\n\t\t\t\t\t\t\t\t\t\t\t\t\t\t\t<\/div>\n\t\t\t\t<\/div>\n\t\t\t\t\t<\/div>\n\t\t\t\t<\/div>\n\t\t<div class=\"elementor-element elementor-element-947630e e-flex e-con-boxed e-con e-parent\" data-id=\"947630e\" data-element_type=\"container\" data-e-type=\"container\">\n\t\t\t\t\t<div class=\"e-con-inner\">\n\t\t\t\t<div class=\"elementor-element elementor-element-b2b7378 elementor-widget elementor-widget-heading\" data-id=\"b2b7378\" data-element_type=\"widget\" data-e-type=\"widget\" data-widget_type=\"heading.default\">\n\t\t\t\t<div class=\"elementor-widget-container\">\n\t\t\t\t\t<h2 class=\"elementor-heading-title elementor-size-xl\"><a href=\"https:\/\/govisit.gov.il\/he\/home\">GoVisit<\/a><\/h2>\t\t\t\t<\/div>\n\t\t\t\t<\/div>\n\t\t\t\t<div class=\"elementor-element elementor-element-f5388ba elementor-widget__width-initial elementor-widget elementor-widget-text-editor\" data-id=\"f5388ba\" data-element_type=\"widget\" data-e-type=\"widget\" data-widget_type=\"text-editor.default\">\n\t\t\t\t<div class=\"elementor-widget-container\">\n\t\t\t\t\t\t\t\t\t<p>A weboldal egyetlen, naprak\u00e9sz \u00e9s k\u00f6nnyen hozz\u00e1f\u00e9rhet\u0151 fel\u00fcleten gy\u0171jti \u00f6ssze az \u00f6sszes <strong>miniszt\u00e9rium \u00e9s hat\u00f3s\u00e1g<\/strong> inform\u00e1ci\u00f3it \u00e9s szolg\u00e1ltat\u00e1sait. A weboldalon egyszer\u0171en \u00e9s k\u00f6nnyen online int\u00e9zhetj\u00fck \u00fcgyeinket, v\u00e1laszthatunk irod\u00e1t, foglalhatunk id\u0151pontot.<\/p>\t\t\t\t\t\t\t\t<\/div>\n\t\t\t\t<\/div>\n\t\t\t\t<div class=\"elementor-element elementor-element-ad40ba8 elementor-widget-divider--view-line_text elementor-widget-divider--element-align-center elementor-widget elementor-widget-divider\" data-id=\"ad40ba8\" data-element_type=\"widget\" data-e-type=\"widget\" data-widget_type=\"divider.default\">\n\t\t\t\t<div class=\"elementor-widget-container\">\n\t\t\t\t\t\t\t<div class=\"elementor-divider\">\n\t\t\t<span class=\"elementor-divider-separator\">\n\t\t\t\t\t\t<\/span>\n\t\t<\/div>\n\t\t\t\t\t\t<\/div>\n\t\t\t\t<\/div>\n\t\t\t\t<div class=\"elementor-element elementor-element-ce4b609 elementor-widget elementor-widget-heading\" data-id=\"ce4b609\" data-element_type=\"widget\" data-e-type=\"widget\" data-widget_type=\"heading.default\">\n\t\t\t\t<div class=\"elementor-widget-container\">\n\t\t\t\t\t<h2 class=\"elementor-heading-title elementor-size-xl\">Mi\u00e9rt \u00e9rdemes id\u0151pontot foglalnia a GoVisiten kereszt\u00fcl?<\/h2>\t\t\t\t<\/div>\n\t\t\t\t<\/div>\n\t\t\t\t<div class=\"elementor-element elementor-element-21da412 elementor-widget elementor-widget-spacer\" data-id=\"21da412\" data-element_type=\"widget\" data-e-type=\"widget\" data-widget_type=\"spacer.default\">\n\t\t\t\t<div class=\"elementor-widget-container\">\n\t\t\t\t\t\t\t<div class=\"elementor-spacer\">\n\t\t\t<div class=\"elementor-spacer-inner\"><\/div>\n\t\t<\/div>\n\t\t\t\t\t\t<\/div>\n\t\t\t\t<\/div>\n\t\t\t\t<div class=\"elementor-element elementor-element-3cc241d elementor-widget-divider--view-line_text elementor-widget-divider--element-align-center elementor-widget elementor-widget-divider\" data-id=\"3cc241d\" data-element_type=\"widget\" data-e-type=\"widget\" data-widget_type=\"divider.default\">\n\t\t\t\t<div class=\"elementor-widget-container\">\n\t\t\t\t\t\t\t<div class=\"elementor-divider\">\n\t\t\t<span class=\"elementor-divider-separator\">\n\t\t\t\t\t\t<\/span>\n\t\t<\/div>\n\t\t\t\t\t\t<\/div>\n\t\t\t\t<\/div>\n\t\t\t\t<div class=\"elementor-element elementor-element-601c298 elementor-widget__width-initial elementor-widget elementor-widget-text-editor\" data-id=\"601c298\" data-element_type=\"widget\" data-e-type=\"widget\" data-widget_type=\"text-editor.default\">\n\t\t\t\t<div class=\"elementor-widget-container\">\n\t\t\t\t\t\t\t\t\t<h4><span style=\"color: #1d6dca;\"><b>Eml\u00e9keztet\u0151k<\/b><\/span><\/h4><p class=\"p1\" style=\"padding-left: 40px;\">Elmentheti az id\u0151pontot a napt\u00e1r\u00e1ba. A tal\u00e1lkoz\u00f3 el\u0151tt eml\u00e9keztet\u0151 \u00fczenetet fog kapni.<\/p><h4 class=\"p1\"><span style=\"color: #1d6dca;\"><b>V\u00e1r\u00f3lista-kezel\u00e9s<\/b><\/span><\/h4><p class=\"p1\" style=\"padding-left: 40px;\">Az \u00f6sszes korm\u00e1nyzati szolg\u00e1ltat\u00e1sra vonatkoz\u00f3 id\u0151pontjaid a \u201eSaj\u00e1t id\u0151pontok\u201d men\u00fcpontban tal\u00e1lhat\u00f3k. \u00cdgy inform\u00e1ci\u00f3kat k\u00e9rhetsz, \u00e9s sz\u00fcks\u00e9g eset\u00e9n lemondhatod az id\u0151pontokat.<\/p><h4 class=\"p1\"><span style=\"color: #1d6dca;\"><b>Id\u0151pontfoglal\u00e1s a nap 24 \u00f3r\u00e1j\u00e1ban, a h\u00e9t minden napj\u00e1n<\/b><\/span><\/h4><p class=\"p1\" style=\"padding-left: 40px;\">Id\u0151pontot az irod\u00e1ban b\u00e1rmikor \u00e9s b\u00e1rhonnan foglalhat.<\/p><h4 class=\"p1\"><span style=\"color: #1d6dca;\"><b>Soron k\u00edv\u00fcli szolg\u00e1ltat\u00e1s<\/b><\/span><\/h4><p class=\"p1\" style=\"padding-left: 40px;\">\u00dajdons\u00e1g! Ha van olyan online szolg\u00e1ltat\u00e1s, amelyhez nem kell id\u0151pontot foglalni, a GoVisit \u00e1tir\u00e1ny\u00edtja \u00d6nt a megfelel\u0151 szolg\u00e1ltat\u00e1shoz.<\/p>\t\t\t\t\t\t\t\t<\/div>\n\t\t\t\t<\/div>\n\t\t\t\t<div class=\"elementor-element elementor-element-a22474e elementor-widget elementor-widget-spacer\" data-id=\"a22474e\" data-element_type=\"widget\" data-e-type=\"widget\" data-widget_type=\"spacer.default\">\n\t\t\t\t<div class=\"elementor-widget-container\">\n\t\t\t\t\t\t\t<div class=\"elementor-spacer\">\n\t\t\t<div class=\"elementor-spacer-inner\"><\/div>\n\t\t<\/div>\n\t\t\t\t\t\t<\/div>\n\t\t\t\t<\/div>\n\t\t\t\t\t<\/div>\n\t\t\t\t<\/div>\n\t\t<div class=\"elementor-element elementor-element-63f4524 e-flex e-con-boxed e-con e-parent\" data-id=\"63f4524\" data-element_type=\"container\" data-e-type=\"container\">\n\t\t\t\t\t<div class=\"e-con-inner\">\n\t\t\t\t<div class=\"elementor-element elementor-element-4f84a7f elementor-widget-divider--view-line_text elementor-widget-divider--element-align-center elementor-widget elementor-widget-divider\" data-id=\"4f84a7f\" data-element_type=\"widget\" data-e-type=\"widget\" data-widget_type=\"divider.default\">\n\t\t\t\t<div class=\"elementor-widget-container\">\n\t\t\t\t\t\t\t<div class=\"elementor-divider\">\n\t\t\t<span class=\"elementor-divider-separator\">\n\t\t\t\t\t\t\t<span class=\"elementor-divider__text elementor-divider__element\">\n\t\t\t\tH\u00cdVATALOK \u00c9S HAT\u00d3S\u00c1GOK\t\t\t\t<\/span>\n\t\t\t\t\t\t<\/span>\n\t\t<\/div>\n\t\t\t\t\t\t<\/div>\n\t\t\t\t<\/div>\n\t\t\t\t\t<\/div>\n\t\t\t\t<\/div>\n\t\t\t\t<section class=\"elementor-section elementor-top-section elementor-element elementor-element-8f51afb elementor-section-boxed elementor-section-height-default elementor-section-height-default\" data-id=\"8f51afb\" data-element_type=\"section\" data-e-type=\"section\">\n\t\t\t\t\t\t<div class=\"elementor-container elementor-column-gap-extended\">\n\t\t\t\t\t<div class=\"elementor-column elementor-col-20 elementor-top-column elementor-element elementor-element-c33b990\" data-id=\"c33b990\" data-element_type=\"column\" data-e-type=\"column\">\n\t\t\t<div class=\"elementor-widget-wrap elementor-element-populated\">\n\t\t\t\t\t\t<div class=\"elementor-element elementor-element-8f64ed0 elementor-widget elementor-widget-image\" data-id=\"8f64ed0\" data-element_type=\"widget\" data-e-type=\"widget\" data-widget_type=\"image.default\">\n\t\t\t\t<div class=\"elementor-widget-container\">\n\t\t\t\t\t\t\t\t\t\t\t\t<figure class=\"wp-caption\">\n\t\t\t\t\t\t\t\t\t\t\t<a href=\"https:\/\/govisit.gov.il\/he\/authorities\/authority\/255\">\n\t\t\t\t\t\t\t<img decoding=\"async\" width=\"584\" height=\"330\" src=\"https:\/\/salomhaverim.com\/wp-content\/uploads\/2025\/10\/11.jpg\" class=\"attachment-large size-large wp-image-6023\" alt=\"\" srcset=\"https:\/\/salomhaverim.com\/wp-content\/uploads\/2025\/10\/11.jpg 584w, https:\/\/salomhaverim.com\/wp-content\/uploads\/2025\/10\/11-300x170.jpg 300w\" sizes=\"(max-width: 584px) 100vw, 584px\" \/>\t\t\t\t\t\t\t\t<\/a>\n\t\t\t\t\t\t\t\t\t\t\t<figcaption class=\"widget-image-caption wp-caption-text\"><\/figcaption>\n\t\t\t\t\t\t\t\t\t\t<\/figure>\n\t\t\t\t\t\t\t\t\t<\/div>\n\t\t\t\t<\/div>\n\t\t\t\t\t<\/div>\n\t\t<\/div>\n\t\t\t\t<div class=\"elementor-column elementor-col-20 elementor-top-column elementor-element elementor-element-3870d9c\" data-id=\"3870d9c\" data-element_type=\"column\" data-e-type=\"column\">\n\t\t\t<div class=\"elementor-widget-wrap elementor-element-populated\">\n\t\t\t\t\t\t<div class=\"elementor-element elementor-element-58f7f23 elementor-widget elementor-widget-image\" data-id=\"58f7f23\" data-element_type=\"widget\" data-e-type=\"widget\" data-widget_type=\"image.default\">\n\t\t\t\t<div class=\"elementor-widget-container\">\n\t\t\t\t\t\t\t\t\t\t\t\t<figure class=\"wp-caption\">\n\t\t\t\t\t\t\t\t\t\t\t<a href=\"https:\/\/govisit.gov.il\/he\/app\/appointment\/270\/questioning\">\n\t\t\t\t\t\t\t<img decoding=\"async\" width=\"584\" height=\"330\" src=\"https:\/\/salomhaverim.com\/wp-content\/uploads\/2025\/10\/2.jpg\" class=\"attachment-large size-large wp-image-6022\" alt=\"\" srcset=\"https:\/\/salomhaverim.com\/wp-content\/uploads\/2025\/10\/2.jpg 584w, https:\/\/salomhaverim.com\/wp-content\/uploads\/2025\/10\/2-300x170.jpg 300w\" sizes=\"(max-width: 584px) 100vw, 584px\" \/>\t\t\t\t\t\t\t\t<\/a>\n\t\t\t\t\t\t\t\t\t\t\t<figcaption class=\"widget-image-caption wp-caption-text\"><\/figcaption>\n\t\t\t\t\t\t\t\t\t\t<\/figure>\n\t\t\t\t\t\t\t\t\t<\/div>\n\t\t\t\t<\/div>\n\t\t\t\t\t<\/div>\n\t\t<\/div>\n\t\t\t\t<div class=\"elementor-column elementor-col-20 elementor-top-column elementor-element elementor-element-ddb2bf8\" data-id=\"ddb2bf8\" data-element_type=\"column\" data-e-type=\"column\">\n\t\t\t<div class=\"elementor-widget-wrap elementor-element-populated\">\n\t\t\t\t\t\t<div class=\"elementor-element elementor-element-7e905d8 elementor-widget elementor-widget-image\" data-id=\"7e905d8\" data-element_type=\"widget\" data-e-type=\"widget\" data-widget_type=\"image.default\">\n\t\t\t\t<div class=\"elementor-widget-container\">\n\t\t\t\t\t\t\t\t\t\t\t\t<figure class=\"wp-caption\">\n\t\t\t\t\t\t\t\t\t\t\t<a href=\"https:\/\/govisit.gov.il\/he\/authorities\/authority\/275\">\n\t\t\t\t\t\t\t<img loading=\"lazy\" decoding=\"async\" width=\"584\" height=\"330\" src=\"https:\/\/salomhaverim.com\/wp-content\/uploads\/2025\/10\/3.jpg\" class=\"attachment-large size-large wp-image-6019\" alt=\"\" srcset=\"https:\/\/salomhaverim.com\/wp-content\/uploads\/2025\/10\/3.jpg 584w, https:\/\/salomhaverim.com\/wp-content\/uploads\/2025\/10\/3-300x170.jpg 300w\" sizes=\"(max-width: 584px) 100vw, 584px\" \/>\t\t\t\t\t\t\t\t<\/a>\n\t\t\t\t\t\t\t\t\t\t\t<figcaption class=\"widget-image-caption wp-caption-text\"><\/figcaption>\n\t\t\t\t\t\t\t\t\t\t<\/figure>\n\t\t\t\t\t\t\t\t\t<\/div>\n\t\t\t\t<\/div>\n\t\t\t\t\t<\/div>\n\t\t<\/div>\n\t\t\t\t<div class=\"elementor-column elementor-col-20 elementor-top-column elementor-element elementor-element-c9c4bd0\" data-id=\"c9c4bd0\" data-element_type=\"column\" data-e-type=\"column\">\n\t\t\t<div class=\"elementor-widget-wrap elementor-element-populated\">\n\t\t\t\t\t\t<div class=\"elementor-element elementor-element-588c3b3 elementor-widget elementor-widget-image\" data-id=\"588c3b3\" data-element_type=\"widget\" data-e-type=\"widget\" data-widget_type=\"image.default\">\n\t\t\t\t<div class=\"elementor-widget-container\">\n\t\t\t\t\t\t\t\t\t\t\t\t<figure class=\"wp-caption\">\n\t\t\t\t\t\t\t\t\t\t\t<a href=\"https:\/\/govisit.gov.il\/he\/authorities\/authority\/29\">\n\t\t\t\t\t\t\t<img loading=\"lazy\" decoding=\"async\" width=\"584\" height=\"330\" src=\"https:\/\/salomhaverim.com\/wp-content\/uploads\/2025\/10\/4.jpg\" class=\"attachment-large size-large wp-image-6020\" alt=\"\" srcset=\"https:\/\/salomhaverim.com\/wp-content\/uploads\/2025\/10\/4.jpg 584w, https:\/\/salomhaverim.com\/wp-content\/uploads\/2025\/10\/4-300x170.jpg 300w\" sizes=\"(max-width: 584px) 100vw, 584px\" \/>\t\t\t\t\t\t\t\t<\/a>\n\t\t\t\t\t\t\t\t\t\t\t<figcaption class=\"widget-image-caption wp-caption-text\"><\/figcaption>\n\t\t\t\t\t\t\t\t\t\t<\/figure>\n\t\t\t\t\t\t\t\t\t<\/div>\n\t\t\t\t<\/div>\n\t\t\t\t\t<\/div>\n\t\t<\/div>\n\t\t\t\t<div class=\"elementor-column elementor-col-20 elementor-top-column elementor-element elementor-element-418cb9a\" data-id=\"418cb9a\" data-element_type=\"column\" data-e-type=\"column\">\n\t\t\t<div class=\"elementor-widget-wrap elementor-element-populated\">\n\t\t\t\t\t\t<div class=\"elementor-element elementor-element-b8d4a34 elementor-widget elementor-widget-image\" data-id=\"b8d4a34\" data-element_type=\"widget\" data-e-type=\"widget\" data-widget_type=\"image.default\">\n\t\t\t\t<div class=\"elementor-widget-container\">\n\t\t\t\t\t\t\t\t\t\t\t\t\t\t\t\t<a href=\"https:\/\/govisit.gov.il\/he\/authorities\/authority\/262\">\n\t\t\t\t\t\t\t<img loading=\"lazy\" decoding=\"async\" width=\"584\" height=\"330\" src=\"https:\/\/salomhaverim.com\/wp-content\/uploads\/2025\/10\/5.jpg\" class=\"attachment-large size-large wp-image-6021\" alt=\"\" srcset=\"https:\/\/salomhaverim.com\/wp-content\/uploads\/2025\/10\/5.jpg 584w, https:\/\/salomhaverim.com\/wp-content\/uploads\/2025\/10\/5-300x170.jpg 300w\" sizes=\"(max-width: 584px) 100vw, 584px\" \/>\t\t\t\t\t\t\t\t<\/a>\n\t\t\t\t\t\t\t\t\t\t\t\t\t\t\t<\/div>\n\t\t\t\t<\/div>\n\t\t\t\t\t<\/div>\n\t\t<\/div>\n\t\t\t\t\t<\/div>\n\t\t<\/section>\n\t\t<div class=\"elementor-element elementor-element-f50bf0e e-flex e-con-boxed e-con e-parent\" data-id=\"f50bf0e\" data-element_type=\"container\" data-e-type=\"container\">\n\t\t\t\t\t<div class=\"e-con-inner\">\n\t\t\t\t<div class=\"elementor-element elementor-element-bacc908 elementor-widget-divider--view-line_text elementor-widget-divider--element-align-center elementor-widget elementor-widget-divider\" data-id=\"bacc908\" data-element_type=\"widget\" data-e-type=\"widget\" data-widget_type=\"divider.default\">\n\t\t\t\t<div class=\"elementor-widget-container\">\n\t\t\t\t\t\t\t<div class=\"elementor-divider\">\n\t\t\t<span class=\"elementor-divider-separator\">\n\t\t\t\t\t\t\t<span class=\"elementor-divider__text elementor-divider__element\">\n\t\t\t\tSZOLG\u00c1LTAT\u00c1SOK\t\t\t\t<\/span>\n\t\t\t\t\t\t<\/span>\n\t\t<\/div>\n\t\t\t\t\t\t<\/div>\n\t\t\t\t<\/div>\n\t\t\t\t\t<\/div>\n\t\t\t\t<\/div>\n\t\t\t\t<section class=\"elementor-section elementor-top-section elementor-element elementor-element-d1a1b5a elementor-section-boxed elementor-section-height-default elementor-section-height-default\" data-id=\"d1a1b5a\" data-element_type=\"section\" data-e-type=\"section\">\n\t\t\t\t\t\t<div class=\"elementor-container elementor-column-gap-extended\">\n\t\t\t\t\t<div class=\"elementor-column elementor-col-20 elementor-top-column elementor-element elementor-element-c5df22b\" data-id=\"c5df22b\" data-element_type=\"column\" data-e-type=\"column\">\n\t\t\t<div class=\"elementor-widget-wrap elementor-element-populated\">\n\t\t\t\t\t\t<div class=\"elementor-element elementor-element-dca2b59 elementor-widget elementor-widget-image\" data-id=\"dca2b59\" data-element_type=\"widget\" data-e-type=\"widget\" data-widget_type=\"image.default\">\n\t\t\t\t<div class=\"elementor-widget-container\">\n\t\t\t\t\t\t\t\t\t\t\t\t<figure class=\"wp-caption\">\n\t\t\t\t\t\t\t\t\t\t\t<a href=\"https:\/\/govisit.gov.il\/he\/app\/appointment\/29\/1846\/info\">\n\t\t\t\t\t\t\t<img loading=\"lazy\" decoding=\"async\" width=\"584\" height=\"330\" src=\"https:\/\/salomhaverim.com\/wp-content\/uploads\/2025\/10\/F1.jpg\" class=\"attachment-large size-large wp-image-6045\" alt=\"\" srcset=\"https:\/\/salomhaverim.com\/wp-content\/uploads\/2025\/10\/F1.jpg 584w, https:\/\/salomhaverim.com\/wp-content\/uploads\/2025\/10\/F1-300x170.jpg 300w\" sizes=\"(max-width: 584px) 100vw, 584px\" \/>\t\t\t\t\t\t\t\t<\/a>\n\t\t\t\t\t\t\t\t\t\t\t<figcaption class=\"widget-image-caption wp-caption-text\"><\/figcaption>\n\t\t\t\t\t\t\t\t\t\t<\/figure>\n\t\t\t\t\t\t\t\t\t<\/div>\n\t\t\t\t<\/div>\n\t\t\t\t\t<\/div>\n\t\t<\/div>\n\t\t\t\t<div class=\"elementor-column elementor-col-20 elementor-top-column elementor-element elementor-element-e937c9e\" data-id=\"e937c9e\" data-element_type=\"column\" data-e-type=\"column\">\n\t\t\t<div class=\"elementor-widget-wrap elementor-element-populated\">\n\t\t\t\t\t\t<div class=\"elementor-element elementor-element-b603850 elementor-widget elementor-widget-image\" data-id=\"b603850\" data-element_type=\"widget\" data-e-type=\"widget\" data-widget_type=\"image.default\">\n\t\t\t\t<div class=\"elementor-widget-container\">\n\t\t\t\t\t\t\t\t\t\t\t\t<figure class=\"wp-caption\">\n\t\t\t\t\t\t\t\t\t\t\t<a href=\"https:\/\/govisit.gov.il\/he\/app\/appointment\/29\/1839\/info\">\n\t\t\t\t\t\t\t<img loading=\"lazy\" decoding=\"async\" width=\"584\" height=\"330\" src=\"https:\/\/salomhaverim.com\/wp-content\/uploads\/2025\/10\/F2.jpg\" class=\"attachment-large size-large wp-image-6046\" alt=\"\" srcset=\"https:\/\/salomhaverim.com\/wp-content\/uploads\/2025\/10\/F2.jpg 584w, https:\/\/salomhaverim.com\/wp-content\/uploads\/2025\/10\/F2-300x170.jpg 300w\" sizes=\"(max-width: 584px) 100vw, 584px\" \/>\t\t\t\t\t\t\t\t<\/a>\n\t\t\t\t\t\t\t\t\t\t\t<figcaption class=\"widget-image-caption wp-caption-text\"><\/figcaption>\n\t\t\t\t\t\t\t\t\t\t<\/figure>\n\t\t\t\t\t\t\t\t\t<\/div>\n\t\t\t\t<\/div>\n\t\t\t\t\t<\/div>\n\t\t<\/div>\n\t\t\t\t<div class=\"elementor-column elementor-col-20 elementor-top-column elementor-element elementor-element-479d363\" data-id=\"479d363\" data-element_type=\"column\" data-e-type=\"column\">\n\t\t\t<div class=\"elementor-widget-wrap elementor-element-populated\">\n\t\t\t\t\t\t<div class=\"elementor-element elementor-element-0a9d21f elementor-widget elementor-widget-image\" data-id=\"0a9d21f\" data-element_type=\"widget\" data-e-type=\"widget\" data-widget_type=\"image.default\">\n\t\t\t\t<div class=\"elementor-widget-container\">\n\t\t\t\t\t\t\t\t\t\t\t\t<figure class=\"wp-caption\">\n\t\t\t\t\t\t\t\t\t\t\t<a href=\"https:\/\/govisit.gov.il\/he\/app\/appointment\/262\/2107\/v2\/info\">\n\t\t\t\t\t\t\t<img loading=\"lazy\" decoding=\"async\" width=\"584\" height=\"330\" src=\"https:\/\/salomhaverim.com\/wp-content\/uploads\/2025\/10\/F3-1.jpg\" class=\"attachment-large size-large wp-image-6051\" alt=\"\" srcset=\"https:\/\/salomhaverim.com\/wp-content\/uploads\/2025\/10\/F3-1.jpg 584w, https:\/\/salomhaverim.com\/wp-content\/uploads\/2025\/10\/F3-1-300x170.jpg 300w\" sizes=\"(max-width: 584px) 100vw, 584px\" \/>\t\t\t\t\t\t\t\t<\/a>\n\t\t\t\t\t\t\t\t\t\t\t<figcaption class=\"widget-image-caption wp-caption-text\"><\/figcaption>\n\t\t\t\t\t\t\t\t\t\t<\/figure>\n\t\t\t\t\t\t\t\t\t<\/div>\n\t\t\t\t<\/div>\n\t\t\t\t\t<\/div>\n\t\t<\/div>\n\t\t\t\t<div class=\"elementor-column elementor-col-20 elementor-top-column elementor-element elementor-element-f217fb7\" data-id=\"f217fb7\" data-element_type=\"column\" data-e-type=\"column\">\n\t\t\t<div class=\"elementor-widget-wrap elementor-element-populated\">\n\t\t\t\t\t\t<div class=\"elementor-element elementor-element-1ad045c elementor-widget elementor-widget-image\" data-id=\"1ad045c\" data-element_type=\"widget\" data-e-type=\"widget\" data-widget_type=\"image.default\">\n\t\t\t\t<div class=\"elementor-widget-container\">\n\t\t\t\t\t\t\t\t\t\t\t\t<figure class=\"wp-caption\">\n\t\t\t\t\t\t\t\t\t\t\t<a href=\"https:\/\/govisit.gov.il\/he\/app\/appointment\/262\/2122\/v2\/info\">\n\t\t\t\t\t\t\t<img loading=\"lazy\" decoding=\"async\" width=\"584\" height=\"330\" src=\"https:\/\/salomhaverim.com\/wp-content\/uploads\/2025\/10\/F4.jpg\" class=\"attachment-large size-large wp-image-6049\" alt=\"\" srcset=\"https:\/\/salomhaverim.com\/wp-content\/uploads\/2025\/10\/F4.jpg 584w, https:\/\/salomhaverim.com\/wp-content\/uploads\/2025\/10\/F4-300x170.jpg 300w\" sizes=\"(max-width: 584px) 100vw, 584px\" \/>\t\t\t\t\t\t\t\t<\/a>\n\t\t\t\t\t\t\t\t\t\t\t<figcaption class=\"widget-image-caption wp-caption-text\"><\/figcaption>\n\t\t\t\t\t\t\t\t\t\t<\/figure>\n\t\t\t\t\t\t\t\t\t<\/div>\n\t\t\t\t<\/div>\n\t\t\t\t\t<\/div>\n\t\t<\/div>\n\t\t\t\t<div class=\"elementor-column elementor-col-20 elementor-top-column elementor-element elementor-element-a54b9c9\" data-id=\"a54b9c9\" data-element_type=\"column\" data-e-type=\"column\">\n\t\t\t<div class=\"elementor-widget-wrap elementor-element-populated\">\n\t\t\t\t\t\t<div class=\"elementor-element elementor-element-f4e22e9 elementor-widget elementor-widget-image\" data-id=\"f4e22e9\" data-element_type=\"widget\" data-e-type=\"widget\" data-widget_type=\"image.default\">\n\t\t\t\t<div class=\"elementor-widget-container\">\n\t\t\t\t\t\t\t\t\t\t\t\t\t\t\t\t<a href=\"https:\/\/govisit.gov.il\/he\/app\/appointment\/262\/2141\/v2\/info\">\n\t\t\t\t\t\t\t<img loading=\"lazy\" decoding=\"async\" width=\"584\" height=\"330\" src=\"https:\/\/salomhaverim.com\/wp-content\/uploads\/2025\/10\/F5.jpg\" class=\"attachment-large size-large wp-image-6050\" alt=\"\" srcset=\"https:\/\/salomhaverim.com\/wp-content\/uploads\/2025\/10\/F5.jpg 584w, https:\/\/salomhaverim.com\/wp-content\/uploads\/2025\/10\/F5-300x170.jpg 300w\" sizes=\"(max-width: 584px) 100vw, 584px\" \/>\t\t\t\t\t\t\t\t<\/a>\n\t\t\t\t\t\t\t\t\t\t\t\t\t\t\t<\/div>\n\t\t\t\t<\/div>\n\t\t\t\t\t<\/div>\n\t\t<\/div>\n\t\t\t\t\t<\/div>\n\t\t<\/section>\n\t\t<div class=\"elementor-element elementor-element-35ada53 e-flex e-con-boxed e-con e-parent\" data-id=\"35ada53\" data-element_type=\"container\" data-e-type=\"container\">\n\t\t\t\t\t<div class=\"e-con-inner\">\n\t\t\t\t<div class=\"elementor-element elementor-element-cfc39a5 elementor-widget elementor-widget-text-editor\" data-id=\"cfc39a5\" data-element_type=\"widget\" data-e-type=\"widget\" data-widget_type=\"text-editor.default\">\n\t\t\t\t<div class=\"elementor-widget-container\">\n\t\t\t\t\t\t\t\t\t<p><em>Figyelem!<\/em>\u00a0<em>a fentiekben r\u00e9szletezett inform\u00e1ci\u00f3k kiz\u00e1r\u00f3lagosan az \u00e1ltal\u00e1nos t\u00e1j\u00e9koztat\u00e1st szolg\u00e1lj\u00e1k. A k\u00f6zreadottak rendszeresen friss\u00edt\u00e9sre ker\u00fclnek, de semmi esetre sem k\u00f6vetik automatikusan a jogszab\u00e1lyi v\u00e1ltoz\u00e1sokat.<\/em>\u00a0<em>A megjel\u00f6lt forr\u00e1sok ezzel szemben a jogszab\u00e1lyi k\u00f6rnyezet v\u00e1ltoz\u00e1sait folytonosan k\u00f6vet\u0151 inform\u00e1ci\u00f3kat tartalmaznak, ez\u00e9rt elengedhetetlen, a konkr\u00e9t \u00e9s szem\u00e9lyre szabott d\u00f6nt\u00e9sek meghozatal\u00e1t megel\u0151z\u0151 tanulm\u00e1nyoz\u00e1suk<\/em><\/p>\t\t\t\t\t\t\t\t<\/div>\n\t\t\t\t<\/div>\n\t\t\t\t<div class=\"elementor-element elementor-element-42f85cb elementor-widget elementor-widget-spacer\" data-id=\"42f85cb\" data-element_type=\"widget\" data-e-type=\"widget\" data-widget_type=\"spacer.default\">\n\t\t\t\t<div class=\"elementor-widget-container\">\n\t\t\t\t\t\t\t<div class=\"elementor-spacer\">\n\t\t\t<div class=\"elementor-spacer-inner\"><\/div>\n\t\t<\/div>\n\t\t\t\t\t\t<\/div>\n\t\t\t\t<\/div>\n\t\t\t\t\t<\/div>\n\t\t\t\t<\/div>\n\t\t\t\t<\/div>\n\t\t","protected":false},"excerpt":{"rendered":"<p>GoVisit A weboldal egyetlen, naprak\u00e9sz \u00e9s k\u00f6nnyen hozz\u00e1f\u00e9rhet\u0151 fel\u00fcleten gy\u0171jti \u00f6ssze az \u00f6sszes miniszt\u00e9rium \u00e9s hat\u00f3s\u00e1g inform\u00e1ci\u00f3it \u00e9s szolg\u00e1ltat\u00e1sait. A weboldalon egyszer\u0171en \u00e9s k\u00f6nnyen online int\u00e9zhetj\u00fck \u00fcgyeinket, v\u00e1laszthatunk irod\u00e1t, foglalhatunk id\u0151pontot. Mi\u00e9rt \u00e9rdemes id\u0151pontot foglalnia a GoVisiten kereszt\u00fcl? Eml\u00e9keztet\u0151k Elmentheti az id\u0151pontot a napt\u00e1r\u00e1ba. A tal\u00e1lkoz\u00f3 el\u0151tt eml\u00e9keztet\u0151 \u00fczenetet fog kapni. V\u00e1r\u00f3lista-kezel\u00e9s Az \u00f6sszes korm\u00e1nyzati [&hellip;]<\/p>\n","protected":false},"author":1,"featured_media":6044,"parent":0,"menu_order":0,"comment_status":"closed","ping_status":"closed","template":"","meta":{"footnotes":""},"class_list":["post-6000","page","type-page","status-publish","has-post-thumbnail","hentry"],"_links":{"self":[{"href":"https:\/\/salomhaverim.com\/index.php?rest_route=\/wp\/v2\/pages\/6000","targetHints":{"allow":["GET"]}}],"collection":[{"href":"https:\/\/salomhaverim.com\/index.php?rest_route=\/wp\/v2\/pages"}],"about":[{"href":"https:\/\/salomhaverim.com\/index.php?rest_route=\/wp\/v2\/types\/page"}],"author":[{"embeddable":true,"href":"https:\/\/salomhaverim.com\/index.php?rest_route=\/wp\/v2\/users\/1"}],"replies":[{"embeddable":true,"href":"https:\/\/salomhaverim.com\/index.php?rest_route=%2Fwp%2Fv2%2Fcomments&post=6000"}],"version-history":[{"count":108,"href":"https:\/\/salomhaverim.com\/index.php?rest_route=\/wp\/v2\/pages\/6000\/revisions"}],"predecessor-version":[{"id":6378,"href":"https:\/\/salomhaverim.com\/index.php?rest_route=\/wp\/v2\/pages\/6000\/revisions\/6378"}],"wp:featuredmedia":[{"embeddable":true,"href":"https:\/\/salomhaverim.com\/index.php?rest_route=\/wp\/v2\/media\/6044"}],"wp:attachment":[{"href":"https:\/\/salomhaverim.com\/index.php?rest_route=%2Fwp%2Fv2%2Fmedia&parent=6000"}],"curies":[{"name":"wp","href":"https:\/\/api.w.org\/{rel}","templated":true}]}}